{"id":10262,"date":"2024-01-25T17:30:13","date_gmt":"2024-01-25T16:30:13","guid":{"rendered":"https:\/\/springbokshelf.com\/?post_type=product&#038;p=10262"},"modified":"2026-04-18T10:03:02","modified_gmt":"2026-04-18T09:03:02","slug":"mrs-balls-chutney-peach","status":"publish","type":"product","link":"https:\/\/springbokshelf.com\/se\/shop\/online-sa-shop\/sauces-spices\/sauces\/chutney\/mrs-balls-chutney-peach\/","title":{"rendered":"Mrs Balls Chutney &#8211; Peach"},"content":{"rendered":"<h3>Storlek<\/h3>\n<p>470g<\/p>\n<h3>Ursprungsland<\/h3>\n<p>Sydafrika<\/p>\n<h3>Ingredienser<\/h3>\n<p>R\u00e5socker, vatten, vin\u00e4ger, torkad frukt (persikor (minst 6%) och aprikoser (minst 0,9%) (inneh\u00e5ller svaveldioxid), kemiskt modifierad majsst\u00e4rkelse (E1422), salt, f\u00e4rg\u00e4mne (E150d)<\/p>\n<h3>Allergener<\/h3>\n<p>Inga<\/p>\n<h3>N\u00e4ringsv\u00e4rde<\/h3>\n<table style=\"width: auto!important;\">\n<thead>\n<tr>\n<th><\/th>\n<th>\n<h4>genomsnitt vid tillverkning<\/h4>\n<\/th>\n<\/tr>\n<\/thead>\n<tbody>\n<tr>\n<td><strong>energi (KJ)<\/strong><\/td>\n<td>726<\/td>\n<\/tr>\n<tr>\n<td><strong>Protein (g)<\/strong><\/td>\n<td>1.0<\/td>\n<\/tr>\n<tr>\n<td><strong>glykemiskt kolhydrat (g)<\/strong><\/td>\n<td>41<\/td>\n<\/tr>\n<tr>\n<td>\u00a0\u00a0\u00a0varav totalt socker<\/td>\n<td>39.5<\/td>\n<\/tr>\n<tr>\n<td><strong>Totalt Fett (g)<\/strong><\/td>\n<td>0.1<\/td>\n<\/tr>\n<tr>\n<td>\u00a0\u00a0\u00a0varav M\u00e4ttat Fett (g)<\/td>\n<td>0<\/td>\n<\/tr>\n<tr>\n<td>\u00a0\u00a0\u00a0enkelom\u00e4ttat fett<\/td>\n<td>0<\/td>\n<\/tr>\n<tr>\n<td>\u00a0 \u00a0flerom\u00e4ttat fett<\/td>\n<td>0<\/td>\n<\/tr>\n<tr>\n<td>\u00a0\u00a0\u00a0Transfett<\/td>\n<td>0<\/td>\n<\/tr>\n<tr>\n<td><strong>Kostfiber (g) (AOAC 991.43)<\/strong><\/td>\n<td>0.7<\/td>\n<\/tr>\n<tr>\n<td><strong>totalt natrium (mg)<\/strong><\/td>\n<td>334<\/td>\n<\/tr>\n<\/tbody>\n<\/table>\n<p>&nbsp;<\/p>","protected":false},"excerpt":{"rendered":"<p>Den perfekta blandningen av persikafruktchutney<\/p>","protected":false},"featured_media":10292,"comment_status":"open","ping_status":"closed","template":"","meta":{"site-sidebar-layout":"default","site-content-layout":"","ast-site-content-layout":"default","site-content-style":"default","site-sidebar-style":"default","ast-global-header-display":"","ast-banner-title-visibility":"","ast-main-header-display":"","ast-hfb-above-header-display":"","ast-hfb-below-header-display":"","ast-hfb-mobile-header-display":"","site-post-title":"","ast-breadcrumbs-content":"","ast-featured-img":"","footer-sml-layout":"","theme-transparent-header-meta":"default","adv-header-id-meta":"","stick-header-meta":"default","header-above-stick-meta":"","header-main-stick-meta":"","header-below-stick-meta":"","astra-migrate-meta-layouts":"set","ast-page-background-enabled":"default","ast-page-background-meta":{"desktop":{"background-color":"","background-image":"","background-repeat":"repeat","background-position":"center center","background-size":"auto","background-attachment":"scroll","background-type":"","background-media":"","overlay-type":"","overlay-color":"","overlay-gradient":""},"tablet":{"background-color":"","background-image":"","background-repeat":"repeat","background-position":"center center","background-size":"auto","background-attachment":"scroll","background-type":"","background-media":"","overlay-type":"","overlay-color":"","overlay-gradient":""},"mobile":{"background-color":"","background-image":"","background-repeat":"repeat","background-position":"center center","background-size":"auto","background-attachment":"scroll","background-type":"","background-media":"","overlay-type":"","overlay-color":"","overlay-gradient":""}},"ast-content-background-meta":{"desktop":{"background-color":"var(--ast-global-color-5)","background-image":"","background-repeat":"repeat","background-position":"center center","background-size":"auto","background-attachment":"scroll","background-type":"","background-media":"","overlay-type":"","overlay-color":"","overlay-gradient":""},"tablet":{"background-color":"var(--ast-global-color-5)","background-image":"","background-repeat":"repeat","background-position":"center center","background-size":"auto","background-attachment":"scroll","background-type":"","background-media":"","overlay-type":"","overlay-color":"","overlay-gradient":""},"mobile":{"background-color":"var(--ast-global-color-5)","background-image":"","background-repeat":"repeat","background-position":"center center","background-size":"auto","background-attachment":"scroll","background-type":"","background-media":"","overlay-type":"","overlay-color":"","overlay-gradient":""}}},"product_brand":[],"product_cat":[155,27,29,28],"product_tag":[114,115,116,61],"class_list":{"0":"post-10262","1":"product","2":"type-product","3":"status-publish","4":"has-post-thumbnail","6":"product_cat-chutney","7":"product_cat-online-sa-shop","8":"product_cat-sauces","9":"product_cat-sauces-spices","10":"product_tag-chutney","11":"product_tag-mrs-balls","12":"product_tag-peach","13":"product_tag-sauces","14":"align-left","15":"box-shadow-0","16":"box-shadow-0-hover","17":"ast-product-gallery-layout-horizontal","18":"ast-product-gallery-with-no-image","19":"ast-product-tabs-layout-vertical","21":"first","22":"instock","23":"taxable","24":"shipping-taxable","25":"purchasable","26":"product-type-simple"},"_links":{"self":[{"href":"https:\/\/springbokshelf.com\/se\/wp-json\/wp\/v2\/product\/10262","targetHints":{"allow":["GET"]}}],"collection":[{"href":"https:\/\/springbokshelf.com\/se\/wp-json\/wp\/v2\/product"}],"about":[{"href":"https:\/\/springbokshelf.com\/se\/wp-json\/wp\/v2\/types\/product"}],"replies":[{"embeddable":true,"href":"https:\/\/springbokshelf.com\/se\/wp-json\/wp\/v2\/comments?post=10262"}],"wp:featuredmedia":[{"embeddable":true,"href":"https:\/\/springbokshelf.com\/se\/wp-json\/wp\/v2\/media\/10292"}],"wp:attachment":[{"href":"https:\/\/springbokshelf.com\/se\/wp-json\/wp\/v2\/media?parent=10262"}],"wp:term":[{"taxonomy":"product_brand","embeddable":true,"href":"https:\/\/springbokshelf.com\/se\/wp-json\/wp\/v2\/product_brand?post=10262"},{"taxonomy":"product_cat","embeddable":true,"href":"https:\/\/springbokshelf.com\/se\/wp-json\/wp\/v2\/product_cat?post=10262"},{"taxonomy":"product_tag","embeddable":true,"href":"https:\/\/springbokshelf.com\/se\/wp-json\/wp\/v2\/product_tag?post=10262"}],"curies":[{"name":"wp","href":"https:\/\/api.w.org\/{rel}","templated":true}]}}