{"id":10305,"date":"2024-01-25T17:30:39","date_gmt":"2024-01-25T16:30:39","guid":{"rendered":"https:\/\/springbokshelf.com\/?post_type=product&#038;p=10305"},"modified":"2025-07-31T18:32:18","modified_gmt":"2025-07-31T17:32:18","slug":"marina-braai-spice-range-braai-salt-original","status":"publish","type":"product","link":"https:\/\/springbokshelf.com\/se\/shop\/online-sa-shop\/sauces-spices\/spices\/marina-braai-spice-range-braai-salt-original\/","title":{"rendered":"Marina Braai Spice Range &#8211; Braai Salt Original"},"content":{"rendered":"<h3>Storlek<\/h3>\n<p>400g<\/p>\n<h3>Ursprungsland<\/h3>\n<p>Sydafrika<\/p>\n<h3>Ingredienser<\/h3>\n<p>Havssalt, dextros, mononatriumglutamat (smakf\u00f6rst\u00e4rkare E621), uttorkad gr\u00f6nsak (l\u00f6k), krydda (senap), kryddeextrakt, smaks\u00e4ttning (antioxidant E307), vegetabilisk olja (Conola Seed), klumpf\u00f6rebyggande medel (E551)<\/p>\n<h3>Allergener<\/h3>\n<p><strong>senap<\/strong><\/p>\n<h3>N\u00e4ringsv\u00e4rde<\/h3>\n<table style=\"width: auto!important;\">\n<thead>\n<tr>\n<th style=\"text-align: center;\" colspan=\"4\">\n<h4>Saltv\u00e4rde<\/h4>\n<\/th>\n<\/tr>\n<\/thead>\n<tbody>\n<tr>\n<td><\/td>\n<td><strong>per 100g<\/strong><\/td>\n<td><strong>Per 2.8 serveringsstorlek<\/strong><\/td>\n<td><strong>% NRV per 2.8 serveringsstorlek<\/strong><\/td>\n<\/tr>\n<tr>\n<td><strong>totalt natrium (mg)<\/strong><\/td>\n<td>38 160<\/td>\n<td>1069<\/td>\n<td>&#8211;<\/td>\n<\/tr>\n<\/tbody>\n<\/table>\n<p>&nbsp;<\/p>\n<table style=\"width: auto!important;\">\n<thead>\n<tr>\n<th colspan=\"2\">\n<h4>kryddv\u00e4rde<\/h4>\n<\/th>\n<\/tr>\n<\/thead>\n<tbody>\n<tr>\n<td><\/td>\n<td><strong>per 100g<\/strong><\/td>\n<\/tr>\n<tr>\n<td><strong>energi (kcal)<\/strong><\/td>\n<td>165<\/td>\n<\/tr>\n<tr>\n<td><strong>energi (KJ)<\/strong><\/td>\n<td>68982<\/td>\n<\/tr>\n<tr>\n<td><strong>Protein (g)<\/strong><\/td>\n<td>7<\/td>\n<\/tr>\n<tr>\n<td><strong>fett (g)<\/strong><\/td>\n<td>7<\/td>\n<\/tr>\n<tr>\n<td><strong>CHO (g)<\/strong><\/td>\n<td>50<\/td>\n<\/tr>\n<tr>\n<td><strong>Kostfiber (g)<\/strong><\/td>\n<td>5<\/td>\n<\/tr>\n<tr>\n<td><strong>totalt m\u00e4ttat fett (g)<\/strong><\/td>\n<td>0<\/td>\n<\/tr>\n<tr>\n<td><strong>totalt transfett (g)<\/strong><\/td>\n<td>0<\/td>\n<\/tr>\n<tr>\n<td><strong>Kolesterol (g)<\/strong><\/td>\n<td>0<\/td>\n<\/tr>\n<tr>\n<td><strong>Natrium (mg)<\/strong><\/td>\n<td>3693<\/td>\n<\/tr>\n<tr>\n<td><strong>socker (g)<\/strong><\/td>\n<td>31<\/td>\n<\/tr>\n<\/tbody>\n<\/table>","protected":false},"excerpt":{"rendered":"<p>Den perfekta kryddan f\u00f6r k\u00f6tt eller gr\u00f6nsaker<\/p>","protected":false},"featured_media":10356,"comment_status":"open","ping_status":"closed","template":"","meta":{"site-sidebar-layout":"default","site-content-layout":"","ast-site-content-layout":"default","site-content-style":"default","site-sidebar-style":"default","ast-global-header-display":"","ast-banner-title-visibility":"","ast-main-header-display":"","ast-hfb-above-header-display":"","ast-hfb-below-header-display":"","ast-hfb-mobile-header-display":"","site-post-title":"","ast-breadcrumbs-content":"","ast-featured-img":"","footer-sml-layout":"","theme-transparent-header-meta":"default","adv-header-id-meta":"","stick-header-meta":"default","header-above-stick-meta":"","header-main-stick-meta":"","header-below-stick-meta":"","astra-migrate-meta-layouts":"set","ast-page-background-enabled":"default","ast-page-background-meta":{"desktop":{"background-color":"","background-image":"","background-repeat":"repeat","background-position":"center center","background-size":"auto","background-attachment":"scroll","background-type":"","background-media":"","overlay-type":"","overlay-color":"","overlay-gradient":""},"tablet":{"background-color":"","background-image":"","background-repeat":"repeat","background-position":"center center","background-size":"auto","background-attachment":"scroll","background-type":"","background-media":"","overlay-type":"","overlay-color":"","overlay-gradient":""},"mobile":{"background-color":"","background-image":"","background-repeat":"repeat","background-position":"center center","background-size":"auto","background-attachment":"scroll","background-type":"","background-media":"","overlay-type":"","overlay-color":"","overlay-gradient":""}},"ast-content-background-meta":{"desktop":{"background-color":"var(--ast-global-color-5)","background-image":"","background-repeat":"repeat","background-position":"center center","background-size":"auto","background-attachment":"scroll","background-type":"","background-media":"","overlay-type":"","overlay-color":"","overlay-gradient":""},"tablet":{"background-color":"var(--ast-global-color-5)","background-image":"","background-repeat":"repeat","background-position":"center center","background-size":"auto","background-attachment":"scroll","background-type":"","background-media":"","overlay-type":"","overlay-color":"","overlay-gradient":""},"mobile":{"background-color":"var(--ast-global-color-5)","background-image":"","background-repeat":"repeat","background-position":"center center","background-size":"auto","background-attachment":"scroll","background-type":"","background-media":"","overlay-type":"","overlay-color":"","overlay-gradient":""}}},"product_brand":[],"product_cat":[42,28,30],"product_tag":[94,110],"class_list":{"0":"post-10305","1":"product","2":"type-product","3":"status-publish","4":"has-post-thumbnail","6":"product_cat-braai-essentials","7":"product_cat-sauces-spices","8":"product_cat-spices","9":"product_tag-braai","10":"product_tag-salt","11":"align-left","12":"box-shadow-0","13":"box-shadow-0-hover","14":"ast-product-gallery-layout-horizontal","15":"ast-product-gallery-with-no-image","16":"ast-product-tabs-layout-vertical","18":"first","19":"outofstock","20":"taxable","21":"shipping-taxable","22":"purchasable","23":"product-type-simple"},"_links":{"self":[{"href":"https:\/\/springbokshelf.com\/se\/wp-json\/wp\/v2\/product\/10305","targetHints":{"allow":["GET"]}}],"collection":[{"href":"https:\/\/springbokshelf.com\/se\/wp-json\/wp\/v2\/product"}],"about":[{"href":"https:\/\/springbokshelf.com\/se\/wp-json\/wp\/v2\/types\/product"}],"replies":[{"embeddable":true,"href":"https:\/\/springbokshelf.com\/se\/wp-json\/wp\/v2\/comments?post=10305"}],"wp:featuredmedia":[{"embeddable":true,"href":"https:\/\/springbokshelf.com\/se\/wp-json\/wp\/v2\/media\/10356"}],"wp:attachment":[{"href":"https:\/\/springbokshelf.com\/se\/wp-json\/wp\/v2\/media?parent=10305"}],"wp:term":[{"taxonomy":"product_brand","embeddable":true,"href":"https:\/\/springbokshelf.com\/se\/wp-json\/wp\/v2\/product_brand?post=10305"},{"taxonomy":"product_cat","embeddable":true,"href":"https:\/\/springbokshelf.com\/se\/wp-json\/wp\/v2\/product_cat?post=10305"},{"taxonomy":"product_tag","embeddable":true,"href":"https:\/\/springbokshelf.com\/se\/wp-json\/wp\/v2\/product_tag?post=10305"}],"curies":[{"name":"wp","href":"https:\/\/api.w.org\/{rel}","templated":true}]}}