{"id":10322,"date":"2022-05-07T17:01:03","date_gmt":"2022-05-07T17:01:03","guid":{"rendered":"https:\/\/springbokshelf.com\/?post_type=product&#038;p=10322"},"modified":"2025-11-11T12:23:57","modified_gmt":"2025-11-11T11:23:57","slug":"iwisa-samp","status":"publish","type":"product","link":"https:\/\/springbokshelf.com\/se\/shop\/online-sa-shop\/maize-meal-and-samp\/iwisa-samp\/","title":{"rendered":"Iwisa Samp 2 for 1 (past BB date, still good)"},"content":{"rendered":"<h3>Storlek<\/h3>\n<p>1kg x 2<\/p>\n<h3>Urprungsland<\/h3>\n<p>Sydafrika<\/p>\n<h3>Ingredienser<\/h3>\n<p>Maize<\/p>\n<h3>Allergener<\/h3>\n<p>Inga<\/p>\n<h3>N\u00e4ringsv\u00e4rde<\/h3>\n<table style=\"width: auto!important;\">\n<thead>\n<tr>\n<th><\/th>\n<th>\n<h4>per 100g<\/h4>\n<\/th>\n<\/tr>\n<\/thead>\n<tbody>\n<tr>\n<td><strong>energi (KJ)<\/strong><\/td>\n<td>1204<\/td>\n<\/tr>\n<tr>\n<td><strong>Totalt Kolhydrater (g)<\/strong><\/td>\n<td>61<\/td>\n<\/tr>\n<tr>\n<td><strong>Glycacaemic Carbohydrates (g)<\/strong><\/td>\n<td>55.9<\/td>\n<\/tr>\n<tr>\n<td><strong>Totalt Fett (g)<\/strong><\/td>\n<td>1.2<\/td>\n<\/tr>\n<tr>\n<td>\u00a0\u00a0\u00a0varav M\u00e4ttat Fett (g)<\/td>\n<td>0.41<\/td>\n<\/tr>\n<tr>\n<td>\u00a0\u00a0\u00a0Monosaturated Fat<\/td>\n<td>0.29<\/td>\n<\/tr>\n<tr>\n<td>\u00a0\u00a0\u00a0flerom\u00e4ttat fett<\/td>\n<td>0.45<\/td>\n<\/tr>\n<tr>\n<td>\u00a0\u00a0\u00a0Transfett<\/td>\n<td>&lt;0.01<\/td>\n<\/tr>\n<tr>\n<td><strong>Kostfiber (g)<\/strong><\/td>\n<td>18<\/td>\n<\/tr>\n<tr>\n<td><strong>Total Sodium (g)<\/strong><\/td>\n<td>2.1<\/td>\n<\/tr>\n<\/tbody>\n<\/table>\n<p>&nbsp;<\/p>","protected":false},"excerpt":{"rendered":"<p>Majs som \u00e4r avgrodd med en fetthalt p\u00e5 h\u00f6gst 1,3% (torr bas)<\/p>","protected":false},"featured_media":10379,"comment_status":"open","ping_status":"closed","template":"","meta":{"site-sidebar-layout":"default","site-content-layout":"","ast-site-content-layout":"default","site-content-style":"default","site-sidebar-style":"default","ast-global-header-display":"","ast-banner-title-visibility":"","ast-main-header-display":"","ast-hfb-above-header-display":"","ast-hfb-below-header-display":"","ast-hfb-mobile-header-display":"","site-post-title":"","ast-breadcrumbs-content":"","ast-featured-img":"","footer-sml-layout":"","theme-transparent-header-meta":"default","adv-header-id-meta":"","stick-header-meta":"default","header-above-stick-meta":"","header-main-stick-meta":"","header-below-stick-meta":"","astra-migrate-meta-layouts":"set","ast-page-background-enabled":"default","ast-page-background-meta":{"desktop":{"background-color":"","background-image":"","background-repeat":"repeat","background-position":"center center","background-size":"auto","background-attachment":"scroll","background-type":"","background-media":"","overlay-type":"","overlay-color":"","overlay-gradient":""},"tablet":{"background-color":"","background-image":"","background-repeat":"repeat","background-position":"center center","background-size":"auto","background-attachment":"scroll","background-type":"","background-media":"","overlay-type":"","overlay-color":"","overlay-gradient":""},"mobile":{"background-color":"","background-image":"","background-repeat":"repeat","background-position":"center center","background-size":"auto","background-attachment":"scroll","background-type":"","background-media":"","overlay-type":"","overlay-color":"","overlay-gradient":""}},"ast-content-background-meta":{"desktop":{"background-color":"var(--ast-global-color-5)","background-image":"","background-repeat":"repeat","background-position":"center center","background-size":"auto","background-attachment":"scroll","background-type":"","background-media":"","overlay-type":"","overlay-color":"","overlay-gradient":""},"tablet":{"background-color":"var(--ast-global-color-5)","background-image":"","background-repeat":"repeat","background-position":"center center","background-size":"auto","background-attachment":"scroll","background-type":"","background-media":"","overlay-type":"","overlay-color":"","overlay-gradient":""},"mobile":{"background-color":"var(--ast-global-color-5)","background-image":"","background-repeat":"repeat","background-position":"center center","background-size":"auto","background-attachment":"scroll","background-type":"","background-media":"","overlay-type":"","overlay-color":"","overlay-gradient":""}}},"product_brand":[],"product_cat":[44],"product_tag":[94,101,102],"class_list":{"0":"post-10322","1":"product","2":"type-product","3":"status-publish","4":"has-post-thumbnail","6":"product_cat-maize-meal-and-samp","7":"product_tag-braai","8":"product_tag-maize","9":"product_tag-samp","10":"align-left","11":"box-shadow-0","12":"box-shadow-0-hover","13":"ast-product-gallery-layout-horizontal","14":"ast-product-gallery-with-no-image","15":"ast-product-tabs-layout-vertical","17":"first","18":"instock","19":"taxable","20":"shipping-taxable","21":"purchasable","22":"product-type-simple"},"_links":{"self":[{"href":"https:\/\/springbokshelf.com\/se\/wp-json\/wp\/v2\/product\/10322","targetHints":{"allow":["GET"]}}],"collection":[{"href":"https:\/\/springbokshelf.com\/se\/wp-json\/wp\/v2\/product"}],"about":[{"href":"https:\/\/springbokshelf.com\/se\/wp-json\/wp\/v2\/types\/product"}],"replies":[{"embeddable":true,"href":"https:\/\/springbokshelf.com\/se\/wp-json\/wp\/v2\/comments?post=10322"}],"wp:featuredmedia":[{"embeddable":true,"href":"https:\/\/springbokshelf.com\/se\/wp-json\/wp\/v2\/media\/10379"}],"wp:attachment":[{"href":"https:\/\/springbokshelf.com\/se\/wp-json\/wp\/v2\/media?parent=10322"}],"wp:term":[{"taxonomy":"product_brand","embeddable":true,"href":"https:\/\/springbokshelf.com\/se\/wp-json\/wp\/v2\/product_brand?post=10322"},{"taxonomy":"product_cat","embeddable":true,"href":"https:\/\/springbokshelf.com\/se\/wp-json\/wp\/v2\/product_cat?post=10322"},{"taxonomy":"product_tag","embeddable":true,"href":"https:\/\/springbokshelf.com\/se\/wp-json\/wp\/v2\/product_tag?post=10322"}],"curies":[{"name":"wp","href":"https:\/\/api.w.org\/{rel}","templated":true}]}}