{"id":10334,"date":"2022-05-07T17:01:29","date_gmt":"2022-05-07T17:01:29","guid":{"rendered":"https:\/\/springbokshelf.com\/?post_type=product&#038;p=10334"},"modified":"2022-06-16T21:19:11","modified_gmt":"2022-06-16T21:19:11","slug":"health-muesli-rusks","status":"publish","type":"product","link":"https:\/\/springbokshelf.com\/se\/shop\/home-baked-south-african-goods\/baked-goods-for-posting-only\/health-muesli-rusks\/","title":{"rendered":"Health\/ Muesli Rusks"},"content":{"rendered":"<h3>Storlek<\/h3>\n<p>500g<\/p>\n<h3>Ingredienser<\/h3>\n<p><strong>Vete,<\/strong> m\u00fcsli, <strong>Magarin, \u00c4gg<\/strong>, <strong>Sm\u00f6r,<\/strong>R\u00f6rsocker, <b>Mj\u00f6lk och Mejeriprodukter,<\/b>Bakpulver, Salt, \u00c4gg, R\u00e4psolja<\/p>\n<h3>Allergener<\/h3>\n<p><strong>Vete (Gluten), \u00c4gg, Mejeri och Komj\u00f6lk, N\u00f6tter<\/strong><\/p>\n<h3>N\u00e4ringsv\u00e4rde<\/h3>\n<table style=\"width: auto!important;\">\n<thead>\n<tr>\n<th style=\"text-align: center;\" colspan=\"3\"><strong>om etiketten inneh\u00e5ller mindre \u00e4n 5% n\u00e4rings\u00e4mnen, <\/strong><br \/>\n<strong>det anses vara l\u00e5gt. 20% eller mer \u00e4r h\u00f6gt. <\/strong><br \/>\n<strong>I allm\u00e4nhet vill du begr\u00e4nsa m\u00e4ttat fett, <\/strong><br \/>\n<strong>kolesterol och natrium samtidigt som du f\u00e5r tillr\u00e4ckligt med fiber, <\/strong><br \/>\n<strong>vitaminer och mineraler.<\/strong><\/th>\n<\/tr>\n<\/thead>\n<tbody>\n<tr>\n<td><strong>Serveringar:<\/strong><\/p>\n<p><strong>Serveringsstorlek:<\/strong><\/td>\n<td colspan=\"2\">10<\/p>\n<p>1<\/td>\n<\/tr>\n<tr>\n<td><strong>Belopp per portion<\/strong><\/p>\n<h4>Kalorier<\/h4>\n<\/td>\n<td colspan=\"2\">&nbsp;<\/p>\n<h4 style=\"text-align: right;\">623<\/h4>\n<\/td>\n<\/tr>\n<tr>\n<td><\/td>\n<td>\n<h4>Belopp<\/h4>\n<\/td>\n<td>\n<h4>Dagligt V\u00e4rde*<\/h4>\n<\/td>\n<\/tr>\n<tr>\n<td><strong>Totalt Fett (g)<\/strong><\/td>\n<td>42.2<\/td>\n<td>54%<\/td>\n<\/tr>\n<tr>\n<td>\u00a0 \u00a0varav M\u00e4ttat Fett (g)<\/td>\n<td>7.5<\/td>\n<td>38%<\/td>\n<\/tr>\n<tr>\n<td><strong>Kolesterol (mg)<\/strong><\/td>\n<td>35<\/td>\n<td>12%<\/td>\n<\/tr>\n<tr>\n<td><strong>Natrium (mg)<\/strong><\/td>\n<td>607<\/td>\n<td>26%<\/td>\n<\/tr>\n<tr>\n<td><strong>Totalt Kolhydrater (g)<\/strong><\/td>\n<td>53.8<\/td>\n<td>20%<\/td>\n<\/tr>\n<tr>\n<td>\u00a0\u00a0\u00a0varav Kostfiber (g)<\/td>\n<td>0.8<\/td>\n<td>3%<\/td>\n<\/tr>\n<tr>\n<td>\u00a0\u00a0\u00a0Socker (g)<\/td>\n<td>29.9<\/td>\n<td><\/td>\n<\/tr>\n<tr>\n<td><strong>Protein (g)<\/strong><\/td>\n<td>8.7<\/td>\n<td><\/td>\n<\/tr>\n<tr>\n<td><strong>Vitamin D (mcg)<\/strong><\/td>\n<td>3<\/td>\n<td>15%<\/td>\n<\/tr>\n<tr>\n<td><strong>Kalcium (mg)<\/strong><\/td>\n<td>110<\/td>\n<td>8%<\/td>\n<\/tr>\n<tr>\n<td><strong>J\u00e4rn (mg)<\/strong><\/td>\n<td>2<\/td>\n<td>10%<\/td>\n<\/tr>\n<tr>\n<td><strong>Kalium (mg)<\/strong><\/td>\n<td>210<\/td>\n<td>4%<\/td>\n<\/tr>\n<\/tbody>\n<\/table>\n<p>&nbsp;<\/p>","protected":false},"excerpt":{"rendered":"<p>En h\u00e5rd, s\u00f6t musli kaka f\u00f6r doppning i kafe eller te<\/p>","protected":false},"featured_media":10390,"comment_status":"open","ping_status":"closed","template":"","meta":{"site-sidebar-layout":"default","site-content-layout":"default","ast-site-content-layout":"","site-content-style":"default","site-sidebar-style":"default","ast-global-header-display":"","ast-banner-title-visibility":"","ast-main-header-display":"","ast-hfb-above-header-display":"","ast-hfb-below-header-display":"","ast-hfb-mobile-header-display":"","site-post-title":"","ast-breadcrumbs-content":"","ast-featured-img":"","footer-sml-layout":"","theme-transparent-header-meta":"default","adv-header-id-meta":"","stick-header-meta":"","header-above-stick-meta":"","header-main-stick-meta":"","header-below-stick-meta":"","astra-migrate-meta-layouts":"","ast-page-background-enabled":"default","ast-page-background-meta":{"desktop":{"background-color":"","background-image":"","background-repeat":"repeat","background-position":"center center","background-size":"auto","background-attachment":"scroll","background-type":"","background-media":"","overlay-type":"","overlay-color":"","overlay-gradient":""},"tablet":{"background-color":"","background-image":"","background-repeat":"repeat","background-position":"center center","background-size":"auto","background-attachment":"scroll","background-type":"","background-media":"","overlay-type":"","overlay-color":"","overlay-gradient":""},"mobile":{"background-color":"","background-image":"","background-repeat":"repeat","background-position":"center center","background-size":"auto","background-attachment":"scroll","background-type":"","background-media":"","overlay-type":"","overlay-color":"","overlay-gradient":""}},"ast-content-background-meta":{"desktop":{"background-color":"var(--ast-global-color-5)","background-image":"","background-repeat":"repeat","background-position":"center center","background-size":"auto","background-attachment":"scroll","background-type":"","background-media":"","overlay-type":"","overlay-color":"","overlay-gradient":""},"tablet":{"background-color":"var(--ast-global-color-5)","background-image":"","background-repeat":"repeat","background-position":"center center","background-size":"auto","background-attachment":"scroll","background-type":"","background-media":"","overlay-type":"","overlay-color":"","overlay-gradient":""},"mobile":{"background-color":"var(--ast-global-color-5)","background-image":"","background-repeat":"repeat","background-position":"center center","background-size":"auto","background-attachment":"scroll","background-type":"","background-media":"","overlay-type":"","overlay-color":"","overlay-gradient":""}}},"product_brand":[],"product_cat":[52],"product_tag":[56,57,58,119],"class_list":{"0":"post-10334","1":"product","2":"type-product","3":"status-publish","4":"has-post-thumbnail","6":"product_cat-baked-goods-for-posting-only","7":"product_tag-baked-goods","8":"product_tag-clarkes-kitchen","9":"product_tag-posting-only","10":"product_tag-rusks","11":"align-left","12":"box-shadow-0","13":"box-shadow-0-hover","14":"ast-product-gallery-layout-horizontal","15":"ast-product-gallery-with-no-image","16":"ast-product-tabs-layout-vertical","18":"first","19":"outofstock","20":"taxable","21":"shipping-taxable","22":"purchasable","23":"product-type-simple"},"_links":{"self":[{"href":"https:\/\/springbokshelf.com\/se\/wp-json\/wp\/v2\/product\/10334","targetHints":{"allow":["GET"]}}],"collection":[{"href":"https:\/\/springbokshelf.com\/se\/wp-json\/wp\/v2\/product"}],"about":[{"href":"https:\/\/springbokshelf.com\/se\/wp-json\/wp\/v2\/types\/product"}],"replies":[{"embeddable":true,"href":"https:\/\/springbokshelf.com\/se\/wp-json\/wp\/v2\/comments?post=10334"}],"wp:featuredmedia":[{"embeddable":true,"href":"https:\/\/springbokshelf.com\/se\/wp-json\/wp\/v2\/media\/10390"}],"wp:attachment":[{"href":"https:\/\/springbokshelf.com\/se\/wp-json\/wp\/v2\/media?parent=10334"}],"wp:term":[{"taxonomy":"product_brand","embeddable":true,"href":"https:\/\/springbokshelf.com\/se\/wp-json\/wp\/v2\/product_brand?post=10334"},{"taxonomy":"product_cat","embeddable":true,"href":"https:\/\/springbokshelf.com\/se\/wp-json\/wp\/v2\/product_cat?post=10334"},{"taxonomy":"product_tag","embeddable":true,"href":"https:\/\/springbokshelf.com\/se\/wp-json\/wp\/v2\/product_tag?post=10334"}],"curies":[{"name":"wp","href":"https:\/\/api.w.org\/{rel}","templated":true}]}}