{"id":10343,"date":"2022-05-07T17:01:53","date_gmt":"2022-05-07T17:01:53","guid":{"rendered":"https:\/\/springbokshelf.com\/?post_type=product&#038;p=10343"},"modified":"2024-12-29T23:43:21","modified_gmt":"2024-12-29T22:43:21","slug":"buttermilk-rusks","status":"publish","type":"product","link":"https:\/\/springbokshelf.com\/se\/shop\/home-baked-south-african-goods\/baked-goods-for-posting-only\/buttermilk-rusks\/","title":{"rendered":"Buttermilk Rusks"},"content":{"rendered":"<h3>Storlek<\/h3>\n<p>500g<\/p>\n<h3>Ingredienser<\/h3>\n<p><strong>Vete,\u00a0<\/strong>Mj\u00f6l, <strong>Magarin, \u00c4gg<\/strong>, Muesli, Cane Sugar, <strong>Mj\u00f6lk och Mejeriprodukter,<\/strong>, Baking Powder, Salt, <strong>\u00e4gg<\/strong>, Rapsolja<\/p>\n<h3>Allergener<\/h3>\n<p><strong>Vete (Gluten), \u00c4gg, mj\u00f6lk, bakad i en k\u00f6k d\u00e4r n\u00f6tter anv\u00e4nds.<\/strong><\/p>\n<h3>N\u00e4ringsv\u00e4rde<\/h3>\n<table style=\"width: auto!important;\">\n<thead>\n<tr>\n<th style=\"text-align: center;\" colspan=\"3\"><strong>om etiketten inneh\u00e5ller mindre \u00e4n 5% n\u00e4rings\u00e4mnen, <\/strong><br \/>\n<strong>det anses vara l\u00e5gt. 20% eller mer \u00e4r h\u00f6gt. <\/strong><br \/>\n<strong>I allm\u00e4nhet vill du begr\u00e4nsa m\u00e4ttat fett, <\/strong><br \/>\n<strong>kolesterol och natrium samtidigt som du f\u00e5r tillr\u00e4ckligt med fiber, <\/strong><br \/>\n<strong>vitaminer och mineraler.<\/strong><\/th>\n<\/tr>\n<\/thead>\n<tbody>\n<tr>\n<td><strong>Serveringar:<\/strong><\/p>\n<p><strong>Serveringsstorlek:<\/strong><\/td>\n<td colspan=\"2\">10<\/p>\n<p>1<\/td>\n<\/tr>\n<tr>\n<td><strong>Belopp per portion<\/strong><\/p>\n<h4>Kalorier<\/h4>\n<\/td>\n<td colspan=\"2\">\n<h4 style=\"text-align: right;\">339<\/h4>\n<\/td>\n<\/tr>\n<tr>\n<td><\/td>\n<td>\n<h4>Belopp<\/h4>\n<\/td>\n<td>\n<h4>Dagligt V\u00e4rde*<\/h4>\n<\/td>\n<\/tr>\n<tr>\n<td><strong>Totalt Fett (g)<\/strong><\/td>\n<td>17.5<\/td>\n<td>22%<\/td>\n<\/tr>\n<tr>\n<td>\u00a0 \u00a0varav M\u00e4ttat Fett (g)<\/td>\n<td>1.6<\/td>\n<td>8%<\/td>\n<\/tr>\n<tr>\n<td><strong>Kolesterol (mg)<\/strong><\/td>\n<td>19<\/td>\n<td>6%<\/td>\n<\/tr>\n<tr>\n<td><strong>Natrium (mg)<\/strong><\/td>\n<td>92<\/td>\n<td>4%<\/td>\n<\/tr>\n<tr>\n<td><strong>Totalt Kolhydrater (g)<\/strong><\/td>\n<td>40.8<\/td>\n<td>15%<\/td>\n<\/tr>\n<tr>\n<td>\u00a0\u00a0\u00a0varav Kostfiber (g)<\/td>\n<td>0.9<\/td>\n<td>3%<\/td>\n<\/tr>\n<tr>\n<td>\u00a0\u00a0\u00a0Socker (g)<\/td>\n<td>14.9<\/td>\n<td><\/td>\n<\/tr>\n<tr>\n<td><strong>Protein (g)<\/strong><\/td>\n<td>5.5<\/td>\n<td><\/td>\n<\/tr>\n<tr>\n<td><strong>Vitamin D (mcg)<\/strong><\/td>\n<td>2<\/td>\n<td>9%<\/td>\n<\/tr>\n<tr>\n<td><strong>Kalcium (mg)<\/strong><\/td>\n<td>70<\/td>\n<td>5%<\/td>\n<\/tr>\n<tr>\n<td><strong>J\u00e4rn (mg)<\/strong><\/td>\n<td>2<\/td>\n<td>10%<\/td>\n<\/tr>\n<tr>\n<td><strong>Kalium (mg)<\/strong><\/td>\n<td>174<\/td>\n<td>4%<\/td>\n<\/tr>\n<\/tbody>\n<\/table>","protected":false},"excerpt":{"rendered":"<p>En s\u00f6t, h\u00e5rd bakad kaka f\u00f6r doppning i kaffe eller te<\/p>\n<h5><span style=\"color: #ff0000;\"><strong>(We need at least one week notice before order)<\/strong><\/span><\/h5>\n<p><strong>Available per request and for local pick-up<\/strong>\u00a0<strong>only<\/strong>.<\/p>","protected":false},"featured_media":10391,"comment_status":"open","ping_status":"closed","template":"","meta":{"site-sidebar-layout":"default","site-content-layout":"default","ast-site-content-layout":"default","site-content-style":"default","site-sidebar-style":"default","ast-global-header-display":"","ast-banner-title-visibility":"","ast-main-header-display":"","ast-hfb-above-header-display":"","ast-hfb-below-header-display":"","ast-hfb-mobile-header-display":"","site-post-title":"","ast-breadcrumbs-content":"","ast-featured-img":"","footer-sml-layout":"","theme-transparent-header-meta":"default","adv-header-id-meta":"","stick-header-meta":"default","header-above-stick-meta":"","header-main-stick-meta":"","header-below-stick-meta":"","astra-migrate-meta-layouts":"set","ast-page-background-enabled":"default","ast-page-background-meta":{"desktop":{"background-color":"","background-image":"","background-repeat":"repeat","background-position":"center center","background-size":"auto","background-attachment":"scroll","background-type":"","background-media":"","overlay-type":"","overlay-color":"","overlay-gradient":""},"tablet":{"background-color":"","background-image":"","background-repeat":"repeat","background-position":"center center","background-size":"auto","background-attachment":"scroll","background-type":"","background-media":"","overlay-type":"","overlay-color":"","overlay-gradient":""},"mobile":{"background-color":"","background-image":"","background-repeat":"repeat","background-position":"center center","background-size":"auto","background-attachment":"scroll","background-type":"","background-media":"","overlay-type":"","overlay-color":"","overlay-gradient":""}},"ast-content-background-meta":{"desktop":{"background-color":"var(--ast-global-color-5)","background-image":"","background-repeat":"repeat","background-position":"center center","background-size":"auto","background-attachment":"scroll","background-type":"","background-media":"","overlay-type":"","overlay-color":"","overlay-gradient":""},"tablet":{"background-color":"var(--ast-global-color-5)","background-image":"","background-repeat":"repeat","background-position":"center center","background-size":"auto","background-attachment":"scroll","background-type":"","background-media":"","overlay-type":"","overlay-color":"","overlay-gradient":""},"mobile":{"background-color":"var(--ast-global-color-5)","background-image":"","background-repeat":"repeat","background-position":"center center","background-size":"auto","background-attachment":"scroll","background-type":"","background-media":"","overlay-type":"","overlay-color":"","overlay-gradient":""}}},"product_brand":[],"product_cat":[52],"product_tag":[56,57,58,119],"class_list":{"0":"post-10343","1":"product","2":"type-product","3":"status-publish","4":"has-post-thumbnail","6":"product_cat-baked-goods-for-posting-only","7":"product_tag-baked-goods","8":"product_tag-clarkes-kitchen","9":"product_tag-posting-only","10":"product_tag-rusks","11":"align-left","12":"box-shadow-0","13":"box-shadow-0-hover","14":"ast-product-gallery-layout-horizontal","15":"ast-product-gallery-with-no-image","16":"ast-product-tabs-layout-vertical","18":"first","19":"outofstock","20":"taxable","21":"shipping-taxable","22":"purchasable","23":"product-type-simple"},"_links":{"self":[{"href":"https:\/\/springbokshelf.com\/se\/wp-json\/wp\/v2\/product\/10343","targetHints":{"allow":["GET"]}}],"collection":[{"href":"https:\/\/springbokshelf.com\/se\/wp-json\/wp\/v2\/product"}],"about":[{"href":"https:\/\/springbokshelf.com\/se\/wp-json\/wp\/v2\/types\/product"}],"replies":[{"embeddable":true,"href":"https:\/\/springbokshelf.com\/se\/wp-json\/wp\/v2\/comments?post=10343"}],"wp:featuredmedia":[{"embeddable":true,"href":"https:\/\/springbokshelf.com\/se\/wp-json\/wp\/v2\/media\/10391"}],"wp:attachment":[{"href":"https:\/\/springbokshelf.com\/se\/wp-json\/wp\/v2\/media?parent=10343"}],"wp:term":[{"taxonomy":"product_brand","embeddable":true,"href":"https:\/\/springbokshelf.com\/se\/wp-json\/wp\/v2\/product_brand?post=10343"},{"taxonomy":"product_cat","embeddable":true,"href":"https:\/\/springbokshelf.com\/se\/wp-json\/wp\/v2\/product_cat?post=10343"},{"taxonomy":"product_tag","embeddable":true,"href":"https:\/\/springbokshelf.com\/se\/wp-json\/wp\/v2\/product_tag?post=10343"}],"curies":[{"name":"wp","href":"https:\/\/api.w.org\/{rel}","templated":true}]}}