{"id":10375,"date":"2022-05-07T17:02:40","date_gmt":"2022-05-07T17:02:40","guid":{"rendered":"https:\/\/springbokshelf.com\/?post_type=product&#038;p=10375"},"modified":"2022-07-27T19:56:55","modified_gmt":"2022-07-27T19:56:55","slug":"chilli-bites-warning-chilli-hot-and-spicy","status":"publish","type":"product","link":"https:\/\/springbokshelf.com\/se\/shop\/meats-the-south-african-way\/meats-for-posting-only\/chilli-bites-warning-chilli-hot-and-spicy\/","title":{"rendered":"Chilli Bites - Varning: Chili Varm Och Kryddig!"},"content":{"rendered":"<h3>Storlek<\/h3>\n<p>100g<\/p>\n<h3>Ingredienser<\/h3>\n<p>N\u00f6tkott, Cayenne Chili, Salt, Korriander, Peppar, Dextrose, Sackaros, Askorbinsyra, MSG, Vetemj\u00f6l (Gluten), Kumin, Selleri, Persilja, Bestr\u00e5lade Ingredienser<\/p>\n<h3>Allergener<\/h3>\n<p><strong>Vete (Gluten), \u00c4gg, Soja, Komj\u00f6lk, tillverkad i ett k\u00f6k som anv\u00e4nder N\u00f6tter och Selleri<\/strong><\/p>\n<h3>N\u00e4ringsv\u00e4rde<\/h3>\n<table style=\"width: auto!important;\">\n<thead>\n<tr>\n<th style=\"text-align: center;\" colspan=\"3\"><strong>om etiketten inneh\u00e5ller mindre \u00e4n 5% n\u00e4rings\u00e4mnen, <\/strong><br \/>\n<strong>det anses vara l\u00e5gt. 20% eller mer \u00e4r h\u00f6gt. <\/strong><br \/>\n<strong>I allm\u00e4nhet vill du begr\u00e4nsa m\u00e4ttat fett, <\/strong><br \/>\n<strong>kolesterol och natrium samtidigt som du f\u00e5r tillr\u00e4ckligt med fiber, <\/strong><br \/>\n<strong>vitaminer och mineraler.<\/strong><\/th>\n<\/tr>\n<\/thead>\n<tbody>\n<tr>\n<td><strong>Serveringar:<\/strong><\/p>\n<p><strong>Serveringsstorlek:<\/strong><\/td>\n<td colspan=\"2\">5<\/p>\n<p>25g<\/td>\n<\/tr>\n<tr>\n<td><strong>Belopp per portion<\/strong><\/p>\n<h4>Kalorier<\/h4>\n<\/td>\n<td colspan=\"2\">&nbsp;<\/p>\n<h4 style=\"text-align: right;\">42<\/h4>\n<\/td>\n<\/tr>\n<tr>\n<td><\/td>\n<td>\n<h4>Belopp<\/h4>\n<\/td>\n<td>\n<h4>Dagligt V\u00e4rde*<\/h4>\n<\/td>\n<\/tr>\n<tr>\n<td><strong>Totalt Fett (g)<\/strong><\/td>\n<td>1.5<\/td>\n<td>2%<\/td>\n<\/tr>\n<tr>\n<td>\u00a0 \u00a0varav M\u00e4ttat Fett (g)<\/td>\n<td>0.5<\/td>\n<td>2%<\/td>\n<\/tr>\n<tr>\n<td><strong>Kolesterol (mg)<\/strong><\/td>\n<td>18<\/td>\n<td>6%<\/td>\n<\/tr>\n<tr>\n<td><strong>Natrium (mg)<\/strong><\/td>\n<td>170<\/td>\n<td>7%<\/td>\n<\/tr>\n<tr>\n<td><strong>Totalt Kolhydrater (g)<\/strong><\/td>\n<td>0.5<\/td>\n<td>0%<\/td>\n<\/tr>\n<tr>\n<td>\u00a0\u00a0\u00a0varav Kostfiber (g)<\/td>\n<td>0.2<\/td>\n<td>1%<\/td>\n<\/tr>\n<tr>\n<td>\u00a0\u00a0\u00a0Socker (g)<\/td>\n<td>0.1<\/td>\n<td><\/td>\n<\/tr>\n<tr>\n<td><strong>Protein (g)<\/strong><\/td>\n<td>6.3<\/td>\n<td><\/td>\n<\/tr>\n<tr>\n<td><strong>Vitamin D (mcg)<\/strong><\/td>\n<td>0<\/td>\n<td>0%<\/td>\n<\/tr>\n<tr>\n<td><strong>Kalcium (mg)<\/strong><\/td>\n<td>6<\/td>\n<td>0%<\/td>\n<\/tr>\n<tr>\n<td><strong>J\u00e4rn (mg)<\/strong><\/td>\n<td>4<\/td>\n<td>22%<\/td>\n<\/tr>\n<tr>\n<td><strong>Kalium (mg)<\/strong><\/td>\n<td>94<\/td>\n<td>2%<\/td>\n<\/tr>\n<\/tbody>\n<\/table>\n<p>&nbsp;<\/p>","protected":false},"excerpt":{"rendered":"<p>Tunna remsor av torkat k\u00f6tt, kryddad med en bit av chilli och vin\u00e4ger.<\/p>\n<p>VARNING: Stark och kryddigt.<\/p>","protected":false},"featured_media":10421,"comment_status":"open","ping_status":"closed","template":"","meta":{"site-sidebar-layout":"default","site-content-layout":"default","ast-site-content-layout":"","site-content-style":"default","site-sidebar-style":"default","ast-global-header-display":"","ast-banner-title-visibility":"","ast-main-header-display":"","ast-hfb-above-header-display":"","ast-hfb-below-header-display":"","ast-hfb-mobile-header-display":"","site-post-title":"","ast-breadcrumbs-content":"","ast-featured-img":"","footer-sml-layout":"","theme-transparent-header-meta":"default","adv-header-id-meta":"","stick-header-meta":"","header-above-stick-meta":"","header-main-stick-meta":"","header-below-stick-meta":"","astra-migrate-meta-layouts":"","ast-page-background-enabled":"default","ast-page-background-meta":{"desktop":{"background-color":"","background-image":"","background-repeat":"repeat","background-position":"center center","background-size":"auto","background-attachment":"scroll","background-type":"","background-media":"","overlay-type":"","overlay-color":"","overlay-gradient":""},"tablet":{"background-color":"","background-image":"","background-repeat":"repeat","background-position":"center center","background-size":"auto","background-attachment":"scroll","background-type":"","background-media":"","overlay-type":"","overlay-color":"","overlay-gradient":""},"mobile":{"background-color":"","background-image":"","background-repeat":"repeat","background-position":"center center","background-size":"auto","background-attachment":"scroll","background-type":"","background-media":"","overlay-type":"","overlay-color":"","overlay-gradient":""}},"ast-content-background-meta":{"desktop":{"background-color":"var(--ast-global-color-5)","background-image":"","background-repeat":"repeat","background-position":"center center","background-size":"auto","background-attachment":"scroll","background-type":"","background-media":"","overlay-type":"","overlay-color":"","overlay-gradient":""},"tablet":{"background-color":"var(--ast-global-color-5)","background-image":"","background-repeat":"repeat","background-position":"center center","background-size":"auto","background-attachment":"scroll","background-type":"","background-media":"","overlay-type":"","overlay-color":"","overlay-gradient":""},"mobile":{"background-color":"var(--ast-global-color-5)","background-image":"","background-repeat":"repeat","background-position":"center center","background-size":"auto","background-attachment":"scroll","background-type":"","background-media":"","overlay-type":"","overlay-color":"","overlay-gradient":""}}},"product_brand":[],"product_cat":[54],"product_tag":[57,60,58],"class_list":{"0":"post-10375","1":"product","2":"type-product","3":"status-publish","4":"has-post-thumbnail","6":"product_cat-meats-for-posting-only","7":"product_tag-clarkes-kitchen","8":"product_tag-meats","9":"product_tag-posting-only","10":"align-left","11":"box-shadow-0","12":"box-shadow-0-hover","13":"ast-product-gallery-layout-horizontal","14":"ast-product-gallery-with-no-image","15":"ast-product-tabs-layout-vertical","17":"first","18":"outofstock","19":"taxable","20":"shipping-taxable","21":"purchasable","22":"product-type-simple"},"_links":{"self":[{"href":"https:\/\/springbokshelf.com\/se\/wp-json\/wp\/v2\/product\/10375","targetHints":{"allow":["GET"]}}],"collection":[{"href":"https:\/\/springbokshelf.com\/se\/wp-json\/wp\/v2\/product"}],"about":[{"href":"https:\/\/springbokshelf.com\/se\/wp-json\/wp\/v2\/types\/product"}],"replies":[{"embeddable":true,"href":"https:\/\/springbokshelf.com\/se\/wp-json\/wp\/v2\/comments?post=10375"}],"wp:featuredmedia":[{"embeddable":true,"href":"https:\/\/springbokshelf.com\/se\/wp-json\/wp\/v2\/media\/10421"}],"wp:attachment":[{"href":"https:\/\/springbokshelf.com\/se\/wp-json\/wp\/v2\/media?parent=10375"}],"wp:term":[{"taxonomy":"product_brand","embeddable":true,"href":"https:\/\/springbokshelf.com\/se\/wp-json\/wp\/v2\/product_brand?post=10375"},{"taxonomy":"product_cat","embeddable":true,"href":"https:\/\/springbokshelf.com\/se\/wp-json\/wp\/v2\/product_cat?post=10375"},{"taxonomy":"product_tag","embeddable":true,"href":"https:\/\/springbokshelf.com\/se\/wp-json\/wp\/v2\/product_tag?post=10375"}],"curies":[{"name":"wp","href":"https:\/\/api.w.org\/{rel}","templated":true}]}}