{"id":10399,"date":"2024-01-25T17:30:26","date_gmt":"2024-01-25T16:30:26","guid":{"rendered":"https:\/\/springbokshelf.com\/?post_type=product&#038;p=10399"},"modified":"2025-09-02T14:10:09","modified_gmt":"2025-09-02T13:10:09","slug":"super-c-rolls-orange","status":"publish","type":"product","link":"https:\/\/springbokshelf.com\/se\/shop\/online-sa-shop\/sweets\/super-c\/super-c-rolls-orange\/","title":{"rendered":"Super C Rolls &#8211; Orange"},"content":{"rendered":"<h3>Storlek<\/h3>\n<p>36.9g<\/p>\n<h3>Ursprungsland<\/h3>\n<p>Sydafrika<\/p>\n<h3>Ingredienser<\/h3>\n<p>Socker, dextros, glukossirap, syra (E330), vitamin C, smak\u00e4mnen, antiklumpmedel (E527), f\u00e4rg\u00e4mne (E110), kan inneh\u00e5lla sulfiter<\/p>\n<h3>Allergener<\/h3>\n<p>Kan inneh\u00e5lla <strong>sulfiter<\/strong><\/p>\n<h3>N\u00e4ringsv\u00e4rde<\/h3>\n<table style=\"width: auto!important;\">\n<thead>\n<tr>\n<th><\/th>\n<th>\n<h4>per 100g<\/h4>\n<\/th>\n<th>\n<h4>per serveringsstorlek (5 goodies)<\/h4>\n<\/th>\n<\/tr>\n<\/thead>\n<tbody>\n<tr>\n<td><strong>energi (KJ)<\/strong><\/td>\n<td>1680<\/td>\n<td>252<\/td>\n<\/tr>\n<tr>\n<td><strong>Protein (g)<\/strong><\/td>\n<td>0.3<\/td>\n<td>0.1<\/td>\n<\/tr>\n<tr>\n<td><strong>glykemiskt kolhydrat (g)<\/strong><\/td>\n<td>97<\/td>\n<td>15<\/td>\n<\/tr>\n<tr>\n<td>\u00a0\u00a0\u00a0varav totalt socker<\/td>\n<td>96.1<\/td>\n<td>14.6<\/td>\n<\/tr>\n<tr>\n<td><strong>Totalt Fett (g)<\/strong><\/td>\n<td>0.6<\/td>\n<td>0.1<\/td>\n<\/tr>\n<tr>\n<td>\u00a0\u00a0\u00a0varav M\u00e4ttat Fett (g)<\/td>\n<td>0.5<\/td>\n<td>0.1<\/td>\n<\/tr>\n<tr>\n<td><strong>Kostfiber (g)<\/strong><\/td>\n<td>1.0<\/td>\n<td>0.2<\/td>\n<\/tr>\n<tr>\n<td><strong>totalt natrium (mg)<\/strong><\/td>\n<td>8<\/td>\n<td>1<\/td>\n<\/tr>\n<tr>\n<td><strong>Vitamin C (mg)<\/strong><\/td>\n<td>470<\/td>\n<td>71% NRV<\/td>\n<\/tr>\n<tr>\n<td style=\"text-align: center;\" colspan=\"3\"><em><strong>* NRV: N\u00e4ringsv\u00e4rden f\u00f6r individer 4 \u00e5r och \u00e4ldre<\/strong><\/em><\/td>\n<\/tr>\n<\/tbody>\n<\/table>\n<p>&nbsp;<\/p>","protected":false},"excerpt":{"rendered":"<p>Apelsinsmakade s\u00f6t tablett<\/p>","protected":false},"featured_media":10453,"comment_status":"open","ping_status":"closed","template":"","meta":{"site-sidebar-layout":"default","site-content-layout":"","ast-site-content-layout":"default","site-content-style":"default","site-sidebar-style":"default","ast-global-header-display":"","ast-banner-title-visibility":"","ast-main-header-display":"","ast-hfb-above-header-display":"","ast-hfb-below-header-display":"","ast-hfb-mobile-header-display":"","site-post-title":"","ast-breadcrumbs-content":"","ast-featured-img":"","footer-sml-layout":"","theme-transparent-header-meta":"default","adv-header-id-meta":"","stick-header-meta":"default","header-above-stick-meta":"","header-main-stick-meta":"","header-below-stick-meta":"","astra-migrate-meta-layouts":"set","ast-page-background-enabled":"default","ast-page-background-meta":{"desktop":{"background-color":"","background-image":"","background-repeat":"repeat","background-position":"center center","background-size":"auto","background-attachment":"scroll","background-type":"","background-media":"","overlay-type":"","overlay-color":"","overlay-gradient":""},"tablet":{"background-color":"","background-image":"","background-repeat":"repeat","background-position":"center center","background-size":"auto","background-attachment":"scroll","background-type":"","background-media":"","overlay-type":"","overlay-color":"","overlay-gradient":""},"mobile":{"background-color":"","background-image":"","background-repeat":"repeat","background-position":"center center","background-size":"auto","background-attachment":"scroll","background-type":"","background-media":"","overlay-type":"","overlay-color":"","overlay-gradient":""}},"ast-content-background-meta":{"desktop":{"background-color":"var(--ast-global-color-5)","background-image":"","background-repeat":"repeat","background-position":"center center","background-size":"auto","background-attachment":"scroll","background-type":"","background-media":"","overlay-type":"","overlay-color":"","overlay-gradient":""},"tablet":{"background-color":"var(--ast-global-color-5)","background-image":"","background-repeat":"repeat","background-position":"center center","background-size":"auto","background-attachment":"scroll","background-type":"","background-media":"","overlay-type":"","overlay-color":"","overlay-gradient":""},"mobile":{"background-color":"var(--ast-global-color-5)","background-image":"","background-repeat":"repeat","background-position":"center center","background-size":"auto","background-attachment":"scroll","background-type":"","background-media":"","overlay-type":"","overlay-color":"","overlay-gradient":""}}},"product_brand":[],"product_cat":[27,125,33],"product_tag":[77,126,69],"class_list":{"0":"post-10399","1":"product","2":"type-product","3":"status-publish","4":"has-post-thumbnail","6":"product_cat-online-sa-shop","7":"product_cat-super-c","8":"product_cat-sweets","9":"product_tag-orange","10":"product_tag-super-c","11":"product_tag-sweets","12":"align-left","13":"box-shadow-0","14":"box-shadow-0-hover","15":"ast-product-gallery-layout-horizontal","16":"ast-product-gallery-with-no-image","17":"ast-product-tabs-layout-vertical","19":"first","20":"instock","21":"taxable","22":"shipping-taxable","23":"purchasable","24":"product-type-simple"},"_links":{"self":[{"href":"https:\/\/springbokshelf.com\/se\/wp-json\/wp\/v2\/product\/10399","targetHints":{"allow":["GET"]}}],"collection":[{"href":"https:\/\/springbokshelf.com\/se\/wp-json\/wp\/v2\/product"}],"about":[{"href":"https:\/\/springbokshelf.com\/se\/wp-json\/wp\/v2\/types\/product"}],"replies":[{"embeddable":true,"href":"https:\/\/springbokshelf.com\/se\/wp-json\/wp\/v2\/comments?post=10399"}],"wp:featuredmedia":[{"embeddable":true,"href":"https:\/\/springbokshelf.com\/se\/wp-json\/wp\/v2\/media\/10453"}],"wp:attachment":[{"href":"https:\/\/springbokshelf.com\/se\/wp-json\/wp\/v2\/media?parent=10399"}],"wp:term":[{"taxonomy":"product_brand","embeddable":true,"href":"https:\/\/springbokshelf.com\/se\/wp-json\/wp\/v2\/product_brand?post=10399"},{"taxonomy":"product_cat","embeddable":true,"href":"https:\/\/springbokshelf.com\/se\/wp-json\/wp\/v2\/product_cat?post=10399"},{"taxonomy":"product_tag","embeddable":true,"href":"https:\/\/springbokshelf.com\/se\/wp-json\/wp\/v2\/product_tag?post=10399"}],"curies":[{"name":"wp","href":"https:\/\/api.w.org\/{rel}","templated":true}]}}