{"id":10486,"date":"2022-05-07T17:05:19","date_gmt":"2022-05-07T17:05:19","guid":{"rendered":"https:\/\/springbokshelf.com\/?post_type=product&#038;p=10486"},"modified":"2026-02-28T12:20:04","modified_gmt":"2026-02-28T11:20:04","slug":"steers-sauce-spicy-tikka-past-bb-date-still-good","status":"publish","type":"product","link":"https:\/\/springbokshelf.com\/se\/shop\/online-sa-shop\/sauces-spices\/sauces\/steers-sauce-spicy-tikka-past-bb-date-still-good\/","title":{"rendered":"Steers Sauce &#8211; Spicy Tikka (past BB date, still good)"},"content":{"rendered":"<h3>Storlek<\/h3>\n<p>375ml<\/p>\n<h3>Urprungsland<\/h3>\n<p>Sydafrika<\/p>\n<h3>Ingredienser<\/h3>\n<p>Vatten, rekonstruerad Worcesters\u00e5s (karamellf\u00e4rg (E150d), svaveldioxid), \u00f6rter och kryddor (<strong>vete gluten<\/strong>) (TBHQ) (bestr\u00e5lad), tomatpure, stabilisator (modifierad st\u00e4rkelse), salt, syrgas (E260), <strong>sojas\u00e5s<\/strong>, MSG (Flavour Enhancer E621), apelsinjuicekoncentrat, citronsaft, <strong>senap<\/strong>.<\/p>\n<p>Konserveringsmedel: Sodium Benzoate (E211), Kaliumsorbate (E202)<\/p>\n<h3>Allergener<\/h3>\n<p><strong>Soja, Sulfiter, vete (gluten), senap\u00a0<\/strong><\/p>\n<h3>N\u00e4ringsv\u00e4rde<\/h3>\n<table style=\"width: auto!important;\">\n<thead>\n<tr>\n<th><\/th>\n<th>\n<h4>per 100ml<\/h4>\n<\/th>\n<\/tr>\n<\/thead>\n<tbody>\n<tr>\n<td><strong>energi (KJ)<\/strong><\/td>\n<td>338<\/td>\n<\/tr>\n<tr>\n<td><strong>Protein (g)<\/strong><\/td>\n<td>2<\/td>\n<\/tr>\n<tr>\n<td><strong>Totalt Kolhydrater (g)<\/strong><\/td>\n<td>12<\/td>\n<\/tr>\n<tr>\n<td>\u00a0 \u00a0 \u00a0 \u00a0 varav totalt socker<\/td>\n<td>10.2<\/td>\n<\/tr>\n<tr>\n<td><strong>Totalt Fett (g)<\/strong><\/td>\n<td>0.6<\/td>\n<\/tr>\n<tr>\n<td>\u00a0 \u00a0 \u00a0 \u00a0 varav M\u00e4ttat Fett (g)<\/td>\n<td>0.1<\/td>\n<\/tr>\n<tr>\n<td>\u00a0 \u00a0 \u00a0 \u00a0 varav transfett (g)<\/td>\n<td>&lt;0.01<\/td>\n<\/tr>\n<tr>\n<td><strong>Kostfiber (g)<\/strong><\/td>\n<td>2.8<\/td>\n<\/tr>\n<tr>\n<td><strong>totalt natrium (mg)<\/strong><\/td>\n<td>1500<\/td>\n<\/tr>\n<\/tbody>\n<\/table>\n<p>&nbsp;<\/p>","protected":false},"excerpt":{"rendered":"<p>En kryddig blandning fr\u00e5n \u00f6ver Indiska oceanen<\/p>","protected":false},"featured_media":10537,"comment_status":"open","ping_status":"closed","template":"","meta":{"site-sidebar-layout":"default","site-content-layout":"","ast-site-content-layout":"default","site-content-style":"default","site-sidebar-style":"default","ast-global-header-display":"","ast-banner-title-visibility":"","ast-main-header-display":"","ast-hfb-above-header-display":"","ast-hfb-below-header-display":"","ast-hfb-mobile-header-display":"","site-post-title":"","ast-breadcrumbs-content":"","ast-featured-img":"","footer-sml-layout":"","theme-transparent-header-meta":"default","adv-header-id-meta":"","stick-header-meta":"default","header-above-stick-meta":"","header-main-stick-meta":"","header-below-stick-meta":"","astra-migrate-meta-layouts":"set","ast-page-background-enabled":"default","ast-page-background-meta":{"desktop":{"background-color":"","background-image":"","background-repeat":"repeat","background-position":"center center","background-size":"auto","background-attachment":"scroll","background-type":"","background-media":"","overlay-type":"","overlay-color":"","overlay-gradient":""},"tablet":{"background-color":"","background-image":"","background-repeat":"repeat","background-position":"center center","background-size":"auto","background-attachment":"scroll","background-type":"","background-media":"","overlay-type":"","overlay-color":"","overlay-gradient":""},"mobile":{"background-color":"","background-image":"","background-repeat":"repeat","background-position":"center center","background-size":"auto","background-attachment":"scroll","background-type":"","background-media":"","overlay-type":"","overlay-color":"","overlay-gradient":""}},"ast-content-background-meta":{"desktop":{"background-color":"var(--ast-global-color-5)","background-image":"","background-repeat":"repeat","background-position":"center center","background-size":"auto","background-attachment":"scroll","background-type":"","background-media":"","overlay-type":"","overlay-color":"","overlay-gradient":""},"tablet":{"background-color":"var(--ast-global-color-5)","background-image":"","background-repeat":"repeat","background-position":"center center","background-size":"auto","background-attachment":"scroll","background-type":"","background-media":"","overlay-type":"","overlay-color":"","overlay-gradient":""},"mobile":{"background-color":"var(--ast-global-color-5)","background-image":"","background-repeat":"repeat","background-position":"center center","background-size":"auto","background-attachment":"scroll","background-type":"","background-media":"","overlay-type":"","overlay-color":"","overlay-gradient":""}}},"product_brand":[],"product_cat":[29],"product_tag":[],"class_list":{"0":"post-10486","1":"product","2":"type-product","3":"status-publish","4":"has-post-thumbnail","6":"product_cat-sauces","7":"align-left","8":"box-shadow-0","9":"box-shadow-0-hover","10":"ast-product-gallery-layout-horizontal","11":"ast-product-gallery-with-no-image","12":"ast-product-tabs-layout-vertical","14":"first","15":"instock","16":"sale","17":"taxable","18":"shipping-taxable","19":"purchasable","20":"product-type-simple"},"_links":{"self":[{"href":"https:\/\/springbokshelf.com\/se\/wp-json\/wp\/v2\/product\/10486","targetHints":{"allow":["GET"]}}],"collection":[{"href":"https:\/\/springbokshelf.com\/se\/wp-json\/wp\/v2\/product"}],"about":[{"href":"https:\/\/springbokshelf.com\/se\/wp-json\/wp\/v2\/types\/product"}],"replies":[{"embeddable":true,"href":"https:\/\/springbokshelf.com\/se\/wp-json\/wp\/v2\/comments?post=10486"}],"wp:featuredmedia":[{"embeddable":true,"href":"https:\/\/springbokshelf.com\/se\/wp-json\/wp\/v2\/media\/10537"}],"wp:attachment":[{"href":"https:\/\/springbokshelf.com\/se\/wp-json\/wp\/v2\/media?parent=10486"}],"wp:term":[{"taxonomy":"product_brand","embeddable":true,"href":"https:\/\/springbokshelf.com\/se\/wp-json\/wp\/v2\/product_brand?post=10486"},{"taxonomy":"product_cat","embeddable":true,"href":"https:\/\/springbokshelf.com\/se\/wp-json\/wp\/v2\/product_cat?post=10486"},{"taxonomy":"product_tag","embeddable":true,"href":"https:\/\/springbokshelf.com\/se\/wp-json\/wp\/v2\/product_tag?post=10486"}],"curies":[{"name":"wp","href":"https:\/\/api.w.org\/{rel}","templated":true}]}}