{"id":10492,"date":"2024-01-25T17:30:19","date_gmt":"2024-01-25T16:30:19","guid":{"rendered":"https:\/\/springbokshelf.com\/?post_type=product&#038;p=10492"},"modified":"2025-12-14T18:46:23","modified_gmt":"2025-12-14T17:46:23","slug":"game-powdered-sports-drink-blueberry","status":"publish","type":"product","link":"https:\/\/springbokshelf.com\/se\/shop\/online-sa-shop\/drinks\/game-powdered-drinks-80g\/game-powdered-sports-drink-blueberry\/","title":{"rendered":"Game Powdered Sports Drink &#8211; Blueberry 80g (past BB date, still good)"},"content":{"rendered":"<h3>\u00a0Storlek<\/h3>\n<p>80g<\/p>\n<h3>Urprungsland<\/h3>\n<p>Sydafrika<\/p>\n<h3>Ingredienser<\/h3>\n<p>Sackaros, glukos, maltodextrin, citronsyra (E330), natriumfosfat (E339), kalciumlaktat (E327), smak\u00e4mnen, vitamin C (E300), natriumklorid, natriumcitrat (E331), kaliumklorid (E508), icke-n\u00e4ringsrikt S\u00f6tningsmedel: Acesulfam K (E950), vitamin E, f\u00e4rg\u00e4mne (E133), vitamin B6, folsyra.<\/p>\n<h3>Allergener<\/h3>\n<p><strong>Inga<\/strong><\/p>\n<h3>N\u00e4ringsv\u00e4rde<\/h3>\n<table style=\"width: auto!important;\">\n<thead>\n<tr>\n<th><\/th>\n<th>\n<h4>Per 100g pulver<\/h4>\n<\/th>\n<th>\n<h4>% NRV&#8217;s per serving<\/h4>\n<\/th>\n<\/tr>\n<\/thead>\n<tbody>\n<tr>\n<td><strong>energi (KJ)<\/strong><\/td>\n<td>1527<\/td>\n<td><\/td>\n<\/tr>\n<tr>\n<td><strong>Protein (g) &lt;0.1<\/strong><\/td>\n<td>15.0<\/td>\n<td><\/td>\n<\/tr>\n<tr>\n<td><strong>glykemiskt kolhydrat (g)\u00a0<\/strong><\/td>\n<td>91<\/td>\n<td><\/td>\n<\/tr>\n<tr>\n<td>\u00a0 \u00a0 \u00a0 \u00a0 varav totalt socker<\/td>\n<td>74.9<\/td>\n<td><\/td>\n<\/tr>\n<tr>\n<td><strong>Totalt Fett (g)<\/strong><\/td>\n<td>0<\/td>\n<td><\/td>\n<\/tr>\n<tr>\n<td>\u00a0 \u00a0 \u00a0 \u00a0 varav M\u00e4ttat Fett (g)<\/td>\n<td>0<\/td>\n<td><\/td>\n<\/tr>\n<tr>\n<td><strong>Kostfiber (g)\u00a0<\/strong><\/td>\n<td>0<\/td>\n<td><\/td>\n<\/tr>\n<tr>\n<td><strong>Natrium (mg)<\/strong><\/td>\n<td>341<\/td>\n<td><\/td>\n<\/tr>\n<tr>\n<td><strong>Folsyra (ug)<\/strong><\/td>\n<td>1000<\/td>\n<td>50<\/td>\n<\/tr>\n<tr>\n<td><strong>Vitamin B6 (mg)<\/strong><\/td>\n<td>2.4<\/td>\n<td>28<\/td>\n<\/tr>\n<tr>\n<td><strong>Vitamin C (mg)<\/strong><\/td>\n<td>346<\/td>\n<td>69.2<\/td>\n<\/tr>\n<tr>\n<td><b>Vitamin E (mg)<\/b><\/td>\n<td>5.7<\/td>\n<td>8<\/td>\n<\/tr>\n<tr>\n<td><b>Kalium (mg)<\/b><\/td>\n<td>84<\/td>\n<td><\/td>\n<\/tr>\n<\/tbody>\n<\/table>\n<p>*NRVs (Nutrient reference values) for individuals 4 years and older<\/p>","protected":false},"excerpt":{"rendered":"<p>Isoton sportdryck med bl\u00e5b\u00e4rssmak<\/p>","protected":false},"featured_media":10543,"comment_status":"open","ping_status":"closed","template":"","meta":{"site-sidebar-layout":"default","site-content-layout":"","ast-site-content-layout":"default","site-content-style":"default","site-sidebar-style":"default","ast-global-header-display":"","ast-banner-title-visibility":"","ast-main-header-display":"","ast-hfb-above-header-display":"","ast-hfb-below-header-display":"","ast-hfb-mobile-header-display":"","site-post-title":"","ast-breadcrumbs-content":"","ast-featured-img":"","footer-sml-layout":"","theme-transparent-header-meta":"default","adv-header-id-meta":"","stick-header-meta":"default","header-above-stick-meta":"","header-main-stick-meta":"","header-below-stick-meta":"","astra-migrate-meta-layouts":"set","ast-page-background-enabled":"default","ast-page-background-meta":{"desktop":{"background-color":"","background-image":"","background-repeat":"repeat","background-position":"center center","background-size":"auto","background-attachment":"scroll","background-type":"","background-media":"","overlay-type":"","overlay-color":"","overlay-gradient":""},"tablet":{"background-color":"","background-image":"","background-repeat":"repeat","background-position":"center center","background-size":"auto","background-attachment":"scroll","background-type":"","background-media":"","overlay-type":"","overlay-color":"","overlay-gradient":""},"mobile":{"background-color":"","background-image":"","background-repeat":"repeat","background-position":"center center","background-size":"auto","background-attachment":"scroll","background-type":"","background-media":"","overlay-type":"","overlay-color":"","overlay-gradient":""}},"ast-content-background-meta":{"desktop":{"background-color":"var(--ast-global-color-5)","background-image":"","background-repeat":"repeat","background-position":"center center","background-size":"auto","background-attachment":"scroll","background-type":"","background-media":"","overlay-type":"","overlay-color":"","overlay-gradient":""},"tablet":{"background-color":"var(--ast-global-color-5)","background-image":"","background-repeat":"repeat","background-position":"center center","background-size":"auto","background-attachment":"scroll","background-type":"","background-media":"","overlay-type":"","overlay-color":"","overlay-gradient":""},"mobile":{"background-color":"var(--ast-global-color-5)","background-image":"","background-repeat":"repeat","background-position":"center center","background-size":"auto","background-attachment":"scroll","background-type":"","background-media":"","overlay-type":"","overlay-color":"","overlay-gradient":""}}},"product_brand":[],"product_cat":[31,32,27],"product_tag":[],"class_list":{"0":"post-10492","1":"product","2":"type-product","3":"status-publish","4":"has-post-thumbnail","6":"product_cat-drinks","7":"product_cat-game-powdered-drinks-80g","8":"product_cat-online-sa-shop","9":"align-left","10":"box-shadow-0","11":"box-shadow-0-hover","12":"ast-product-gallery-layout-horizontal","13":"ast-product-gallery-with-no-image","14":"ast-product-tabs-layout-vertical","16":"first","17":"outofstock","18":"sale","19":"taxable","20":"shipping-taxable","21":"purchasable","22":"product-type-simple"},"_links":{"self":[{"href":"https:\/\/springbokshelf.com\/se\/wp-json\/wp\/v2\/product\/10492","targetHints":{"allow":["GET"]}}],"collection":[{"href":"https:\/\/springbokshelf.com\/se\/wp-json\/wp\/v2\/product"}],"about":[{"href":"https:\/\/springbokshelf.com\/se\/wp-json\/wp\/v2\/types\/product"}],"replies":[{"embeddable":true,"href":"https:\/\/springbokshelf.com\/se\/wp-json\/wp\/v2\/comments?post=10492"}],"wp:featuredmedia":[{"embeddable":true,"href":"https:\/\/springbokshelf.com\/se\/wp-json\/wp\/v2\/media\/10543"}],"wp:attachment":[{"href":"https:\/\/springbokshelf.com\/se\/wp-json\/wp\/v2\/media?parent=10492"}],"wp:term":[{"taxonomy":"product_brand","embeddable":true,"href":"https:\/\/springbokshelf.com\/se\/wp-json\/wp\/v2\/product_brand?post=10492"},{"taxonomy":"product_cat","embeddable":true,"href":"https:\/\/springbokshelf.com\/se\/wp-json\/wp\/v2\/product_cat?post=10492"},{"taxonomy":"product_tag","embeddable":true,"href":"https:\/\/springbokshelf.com\/se\/wp-json\/wp\/v2\/product_tag?post=10492"}],"curies":[{"name":"wp","href":"https:\/\/api.w.org\/{rel}","templated":true}]}}