{"id":10532,"date":"2024-01-25T17:30:29","date_gmt":"2024-01-25T16:30:29","guid":{"rendered":"https:\/\/springbokshelf.com\/?post_type=product&#038;p=10532"},"modified":"2026-03-02T15:11:21","modified_gmt":"2026-03-02T14:11:21","slug":"roses-cordials-passion-fruit","status":"publish","type":"product","link":"https:\/\/springbokshelf.com\/se\/shop\/online-sa-shop\/drinks\/cordials\/roses-cordials-passion-fruit\/","title":{"rendered":"Roses Cordials &#8211; Passion Fruit (past BB date, still good)"},"content":{"rendered":"<h3>Storlek<\/h3>\n<p>750ml<\/p>\n<h3>Urprungsland<\/h3>\n<p>Sydafrika<\/p>\n<h3>Ingredienser<\/h3>\n<p>Vatten, socker, passionsfruktsaft, apelsinjuice, \u00e4ppelsyra (E296), stabilisatorer (E440, E446), grumlande medel (E414 och \/ eller E1450), smak\u00e4mnen, icke-n\u00e4ringsrika s\u00f6tningsmedel: (natriumcyklamat (E952), sukralos ( E955), Natriumsackarin (E954)), Konserveringsmedel (Sodium Benzoate (E211) och Sodium Metabisulfite (E223)), F\u00e4rg\u00e4mnen (E104, E110), Skumd\u00e4mpande medel (E900)<\/p>\n<h3>Allergener<\/h3>\n<p><b>Livsmedelsf\u00e4rgar kan ha en negativ inverkan p\u00e5 aktivitet och uppm\u00e4rksamhet hos barn<\/b><\/p>\n<h3>N\u00e4ringsv\u00e4rde<\/h3>\n<table style=\"width: auto!important;\">\n<thead>\n<tr>\n<th><\/th>\n<th>\n<h4>Per 100ml concentrate<\/h4>\n<\/th>\n<\/tr>\n<\/thead>\n<tbody>\n<tr>\n<td><strong>energi (KJ)<\/strong><\/td>\n<td>464<\/td>\n<\/tr>\n<tr>\n<td><strong>Totalt Fett (g)<\/strong><\/td>\n<td>&lt;0.1<\/td>\n<\/tr>\n<tr>\n<td>\u00a0 \u00a0 \u00a0 \u00a0 varav M\u00e4ttat Fett (g)<\/td>\n<td>&lt;0.1<\/td>\n<\/tr>\n<tr>\n<td><strong>Totalt Kolhydrater (g)<\/strong><\/td>\n<td>28<\/td>\n<\/tr>\n<tr>\n<td>\u00a0 \u00a0 \u00a0 \u00a0 varav totalt socker<\/td>\n<td>27.2<\/td>\n<\/tr>\n<tr>\n<td><strong>Protein (g)\u00a0<\/strong><\/td>\n<td>&lt;0.2<\/td>\n<\/tr>\n<tr>\n<td><strong>Kostfiber (g)\u00a0<\/strong><\/td>\n<td>&lt;0.1<\/td>\n<\/tr>\n<tr>\n<td><strong>Total Salt (mg)<\/strong><\/td>\n<td>12<\/td>\n<\/tr>\n<\/tbody>\n<\/table>","protected":false},"excerpt":{"rendered":"<p>En uppfriskande sommardryck i passionsfruktsmak - tills\u00e4tt bara vatten<\/p>","protected":false},"featured_media":10584,"comment_status":"open","ping_status":"closed","template":"","meta":{"site-sidebar-layout":"default","site-content-layout":"","ast-site-content-layout":"default","site-content-style":"default","site-sidebar-style":"default","ast-global-header-display":"","ast-banner-title-visibility":"","ast-main-header-display":"","ast-hfb-above-header-display":"","ast-hfb-below-header-display":"","ast-hfb-mobile-header-display":"","site-post-title":"","ast-breadcrumbs-content":"","ast-featured-img":"","footer-sml-layout":"","theme-transparent-header-meta":"default","adv-header-id-meta":"","stick-header-meta":"default","header-above-stick-meta":"","header-main-stick-meta":"","header-below-stick-meta":"","astra-migrate-meta-layouts":"set","ast-page-background-enabled":"default","ast-page-background-meta":{"desktop":{"background-color":"","background-image":"","background-repeat":"repeat","background-position":"center center","background-size":"auto","background-attachment":"scroll","background-type":"","background-media":"","overlay-type":"","overlay-color":"","overlay-gradient":""},"tablet":{"background-color":"","background-image":"","background-repeat":"repeat","background-position":"center center","background-size":"auto","background-attachment":"scroll","background-type":"","background-media":"","overlay-type":"","overlay-color":"","overlay-gradient":""},"mobile":{"background-color":"","background-image":"","background-repeat":"repeat","background-position":"center center","background-size":"auto","background-attachment":"scroll","background-type":"","background-media":"","overlay-type":"","overlay-color":"","overlay-gradient":""}},"ast-content-background-meta":{"desktop":{"background-color":"var(--ast-global-color-5)","background-image":"","background-repeat":"repeat","background-position":"center center","background-size":"auto","background-attachment":"scroll","background-type":"","background-media":"","overlay-type":"","overlay-color":"","overlay-gradient":""},"tablet":{"background-color":"var(--ast-global-color-5)","background-image":"","background-repeat":"repeat","background-position":"center center","background-size":"auto","background-attachment":"scroll","background-type":"","background-media":"","overlay-type":"","overlay-color":"","overlay-gradient":""},"mobile":{"background-color":"var(--ast-global-color-5)","background-image":"","background-repeat":"repeat","background-position":"center center","background-size":"auto","background-attachment":"scroll","background-type":"","background-media":"","overlay-type":"","overlay-color":"","overlay-gradient":""}}},"product_brand":[],"product_cat":[156,31,27],"product_tag":[],"class_list":{"0":"post-10532","1":"product","2":"type-product","3":"status-publish","4":"has-post-thumbnail","6":"product_cat-cordials","7":"product_cat-drinks","8":"product_cat-online-sa-shop","9":"align-left","10":"box-shadow-0","11":"box-shadow-0-hover","12":"ast-product-gallery-layout-horizontal","13":"ast-product-gallery-with-no-image","14":"ast-product-tabs-layout-vertical","16":"first","17":"instock","18":"sale","19":"taxable","20":"shipping-taxable","21":"purchasable","22":"product-type-simple"},"_links":{"self":[{"href":"https:\/\/springbokshelf.com\/se\/wp-json\/wp\/v2\/product\/10532","targetHints":{"allow":["GET"]}}],"collection":[{"href":"https:\/\/springbokshelf.com\/se\/wp-json\/wp\/v2\/product"}],"about":[{"href":"https:\/\/springbokshelf.com\/se\/wp-json\/wp\/v2\/types\/product"}],"replies":[{"embeddable":true,"href":"https:\/\/springbokshelf.com\/se\/wp-json\/wp\/v2\/comments?post=10532"}],"wp:featuredmedia":[{"embeddable":true,"href":"https:\/\/springbokshelf.com\/se\/wp-json\/wp\/v2\/media\/10584"}],"wp:attachment":[{"href":"https:\/\/springbokshelf.com\/se\/wp-json\/wp\/v2\/media?parent=10532"}],"wp:term":[{"taxonomy":"product_brand","embeddable":true,"href":"https:\/\/springbokshelf.com\/se\/wp-json\/wp\/v2\/product_brand?post=10532"},{"taxonomy":"product_cat","embeddable":true,"href":"https:\/\/springbokshelf.com\/se\/wp-json\/wp\/v2\/product_cat?post=10532"},{"taxonomy":"product_tag","embeddable":true,"href":"https:\/\/springbokshelf.com\/se\/wp-json\/wp\/v2\/product_tag?post=10532"}],"curies":[{"name":"wp","href":"https:\/\/api.w.org\/{rel}","templated":true}]}}