{"id":10560,"date":"2022-05-07T17:07:19","date_gmt":"2022-05-07T17:07:19","guid":{"rendered":"https:\/\/springbokshelf.com\/?post_type=product&#038;p=10560"},"modified":"2024-01-11T11:30:01","modified_gmt":"2024-01-11T11:30:01","slug":"limited-edition-blue-bulls-boerewors","status":"publish","type":"product","link":"https:\/\/springbokshelf.com\/se\/shop\/meats-the-south-african-way\/meats-for-posting-only\/limited-edition-blue-bulls-boerewors\/","title":{"rendered":"Limited Edition Blue Bulls Boerewors"},"content":{"rendered":"<h3>Storlek<\/h3>\n<p>Olika f\u00f6rpackningsstorlekar att v\u00e4lja ifr\u00e5n, Klicka p\u00e5 g\u00e5 ner.<\/p>\n<h3>Ingredienser<\/h3>\n<p>N\u00f6tkott, Fl\u00e4skk\u00f6tt,\u00a0<strong>soja<\/strong>Salt och Blandade Kryddor, <b>Svinfj\u00e4lstet<\/b>Majsmj\u00f6l, MSG, Konserveringsmedel Natriummetabisulfit<\/p>\n<h3>Allergener<\/h3>\n<p><b>Vete (Gluten), Soja, kan inneh\u00e5lla sp\u00e5r av Selleri, \u00c4gg, Komj\u00f6lk, Senap, kan inneh\u00e5lla sp\u00e5r av N\u00f6tter<\/b><\/p>\n<h3>N\u00e4ringsv\u00e4rde<\/h3>\n<table style=\"width: auto!important;\">\n<thead>\n<tr>\n<th style=\"text-align: center;\" colspan=\"3\"><strong>om etiketten inneh\u00e5ller mindre \u00e4n 5% n\u00e4rings\u00e4mnen, <\/strong><br \/>\n<strong>det anses vara l\u00e5gt. 20% eller mer \u00e4r h\u00f6gt. <\/strong><br \/>\n<strong>I allm\u00e4nhet vill du begr\u00e4nsa m\u00e4ttat fett, <\/strong><br \/>\n<strong>kolesterol och natrium samtidigt som du f\u00e5r tillr\u00e4ckligt med fiber, <\/strong><br \/>\n<strong>vitaminer och mineraler.<\/strong><\/th>\n<\/tr>\n<\/thead>\n<tbody>\n<tr>\n<td><strong>Serveringar:<\/strong><\/p>\n<p><strong>Serveringsstorlek:<\/strong><\/td>\n<td colspan=\"2\">5<\/p>\n<p>200g<\/td>\n<\/tr>\n<tr>\n<td><strong>Belopp per portion<\/strong><\/p>\n<h4>Kalorier<\/h4>\n<\/td>\n<td colspan=\"2\">&nbsp;<\/p>\n<h4 style=\"text-align: right;\">555<\/h4>\n<\/td>\n<\/tr>\n<tr>\n<td><\/td>\n<td>\n<h4>Belopp<\/h4>\n<\/td>\n<td>\n<h4>Dagligt V\u00e4rde*<\/h4>\n<\/td>\n<\/tr>\n<tr>\n<td><strong>Totalt Fett (g)<\/strong><\/td>\n<td>36.8<\/td>\n<td>47%<\/td>\n<\/tr>\n<tr>\n<td>\u00a0 \u00a0varav M\u00e4ttat Fett (g)<\/td>\n<td>13.3<\/td>\n<td>67%<\/td>\n<\/tr>\n<tr>\n<td><strong>Kolesterol (mg)<\/strong><\/td>\n<td>182<\/td>\n<td>61%<\/td>\n<\/tr>\n<tr>\n<td><strong>Natrium (mg)<\/strong><\/td>\n<td>259<\/td>\n<td>11%<\/td>\n<\/tr>\n<tr>\n<td><strong>Totalt Kolhydrater (g)<\/strong><\/td>\n<td>0.5<\/td>\n<td>0%<\/td>\n<\/tr>\n<tr>\n<td>\u00a0\u00a0\u00a0varav Kostfiber (g)<\/td>\n<td>0.2<\/td>\n<td>1%<\/td>\n<\/tr>\n<tr>\n<td>\u00a0\u00a0\u00a0Socker (g)<\/td>\n<td>0.1<\/td>\n<td><\/td>\n<\/tr>\n<tr>\n<td><strong>Protein (g)<\/strong><\/td>\n<td>51.9<\/td>\n<td><\/td>\n<\/tr>\n<tr>\n<td><strong>Vitamin D (mcg)<\/strong><\/td>\n<td>0<\/td>\n<td>0%<\/td>\n<\/tr>\n<tr>\n<td><strong>Kalcium (mg)<\/strong><\/td>\n<td>33<\/td>\n<td>3%<\/td>\n<\/tr>\n<tr>\n<td><strong>J\u00e4rn (mg)<\/strong><\/td>\n<td>5<\/td>\n<td>26%<\/td>\n<\/tr>\n<tr>\n<td><strong>Kalium (mg)<\/strong><\/td>\n<td>698<\/td>\n<td>15%<\/td>\n<\/tr>\n<\/tbody>\n<\/table>\n<p>&nbsp;<\/p>","protected":false},"excerpt":{"rendered":"<p>En smaklig limited edition Blue Bulls Boerewors.<\/p>","protected":false},"featured_media":10601,"comment_status":"open","ping_status":"closed","template":"","meta":{"site-sidebar-layout":"default","site-content-layout":"default","ast-site-content-layout":"default","site-content-style":"default","site-sidebar-style":"default","ast-global-header-display":"","ast-banner-title-visibility":"","ast-main-header-display":"","ast-hfb-above-header-display":"","ast-hfb-below-header-display":"","ast-hfb-mobile-header-display":"","site-post-title":"","ast-breadcrumbs-content":"","ast-featured-img":"","footer-sml-layout":"","theme-transparent-header-meta":"default","adv-header-id-meta":"","stick-header-meta":"default","header-above-stick-meta":"","header-main-stick-meta":"","header-below-stick-meta":"","astra-migrate-meta-layouts":"set","ast-page-background-enabled":"default","ast-page-background-meta":{"desktop":{"background-color":"","background-image":"","background-repeat":"repeat","background-position":"center center","background-size":"auto","background-attachment":"scroll","background-type":"","background-media":"","overlay-type":"","overlay-color":"","overlay-gradient":""},"tablet":{"background-color":"","background-image":"","background-repeat":"repeat","background-position":"center center","background-size":"auto","background-attachment":"scroll","background-type":"","background-media":"","overlay-type":"","overlay-color":"","overlay-gradient":""},"mobile":{"background-color":"","background-image":"","background-repeat":"repeat","background-position":"center center","background-size":"auto","background-attachment":"scroll","background-type":"","background-media":"","overlay-type":"","overlay-color":"","overlay-gradient":""}},"ast-content-background-meta":{"desktop":{"background-color":"var(--ast-global-color-5)","background-image":"","background-repeat":"repeat","background-position":"center center","background-size":"auto","background-attachment":"scroll","background-type":"","background-media":"","overlay-type":"","overlay-color":"","overlay-gradient":""},"tablet":{"background-color":"var(--ast-global-color-5)","background-image":"","background-repeat":"repeat","background-position":"center center","background-size":"auto","background-attachment":"scroll","background-type":"","background-media":"","overlay-type":"","overlay-color":"","overlay-gradient":""},"mobile":{"background-color":"var(--ast-global-color-5)","background-image":"","background-repeat":"repeat","background-position":"center center","background-size":"auto","background-attachment":"scroll","background-type":"","background-media":"","overlay-type":"","overlay-color":"","overlay-gradient":""}}},"product_brand":[],"product_cat":[54],"product_tag":[139,94,57,59,60],"class_list":{"0":"post-10560","1":"product","2":"type-product","3":"status-publish","4":"has-post-thumbnail","6":"product_cat-meats-for-posting-only","7":"product_tag-boerewors","8":"product_tag-braai","9":"product_tag-clarkes-kitchen","10":"product_tag-delivery-or-collection-only","11":"product_tag-meats","12":"align-left","13":"box-shadow-0","14":"box-shadow-0-hover","15":"ast-product-gallery-layout-horizontal","16":"ast-product-gallery-with-no-image","17":"ast-product-tabs-layout-vertical","19":"first","20":"outofstock","21":"taxable","22":"shipping-taxable","23":"purchasable","24":"product-type-variable"},"_links":{"self":[{"href":"https:\/\/springbokshelf.com\/se\/wp-json\/wp\/v2\/product\/10560","targetHints":{"allow":["GET"]}}],"collection":[{"href":"https:\/\/springbokshelf.com\/se\/wp-json\/wp\/v2\/product"}],"about":[{"href":"https:\/\/springbokshelf.com\/se\/wp-json\/wp\/v2\/types\/product"}],"replies":[{"embeddable":true,"href":"https:\/\/springbokshelf.com\/se\/wp-json\/wp\/v2\/comments?post=10560"}],"wp:featuredmedia":[{"embeddable":true,"href":"https:\/\/springbokshelf.com\/se\/wp-json\/wp\/v2\/media\/10601"}],"wp:attachment":[{"href":"https:\/\/springbokshelf.com\/se\/wp-json\/wp\/v2\/media?parent=10560"}],"wp:term":[{"taxonomy":"product_brand","embeddable":true,"href":"https:\/\/springbokshelf.com\/se\/wp-json\/wp\/v2\/product_brand?post=10560"},{"taxonomy":"product_cat","embeddable":true,"href":"https:\/\/springbokshelf.com\/se\/wp-json\/wp\/v2\/product_cat?post=10560"},{"taxonomy":"product_tag","embeddable":true,"href":"https:\/\/springbokshelf.com\/se\/wp-json\/wp\/v2\/product_tag?post=10560"}],"curies":[{"name":"wp","href":"https:\/\/api.w.org\/{rel}","templated":true}]}}