{"id":15972,"date":"2024-01-25T17:30:37","date_gmt":"2024-01-25T16:30:37","guid":{"rendered":"https:\/\/springbokshelf.com\/?post_type=product&#038;p=15972"},"modified":"2025-12-03T13:18:03","modified_gmt":"2025-12-03T12:18:03","slug":"ouma-rusks-muesli-mini-bites-200g","status":"publish","type":"product","link":"https:\/\/springbokshelf.com\/se\/shop\/online-sa-shop\/cookies-and-crackers\/ouma-rusks-muesli-mini-bites-200g\/","title":{"rendered":"Ouma Rusks &#8211; Muesli Mini Bites 200g (past BB date, still good)"},"content":{"rendered":"<h3>Storlek<\/h3>\n<p>200g<\/p>\n<h3>Ursprungsland<\/h3>\n<p>Sydafrika<\/p>\n<h3>Ingredienser<\/h3>\n<p>Vetemj\u00f6l (<strong>gluten)<\/strong>), M\u00fcsli (15%) (russin, havre (<strong>gluten)<\/strong>), korn gluten (<strong>gluten)<\/strong>), Rostad <strong>Jordn\u00f6tter<\/strong>, Kokosn\u00f6t), socker, vegetabiliskt fett (palmfrukt TBHQ), j\u00e4smedel (E450, E500, E170), smak\u00e4mnen, salt<\/p>\n<h3>Allergener<\/h3>\n<p><strong>Vete (gluten), soja, mj\u00f6lk, \u00e4gg, jordn\u00f6tter<\/strong><\/p>\n<p>&nbsp;<\/p>","protected":false},"excerpt":{"rendered":"<p>Krispiga, kr\u00e4miga, n\u00f6tig sm\u00f6riga skorpor<\/p>","protected":false},"featured_media":15973,"comment_status":"open","ping_status":"closed","template":"","meta":{"site-sidebar-layout":"default","site-content-layout":"","ast-site-content-layout":"default","site-content-style":"default","site-sidebar-style":"default","ast-global-header-display":"","ast-banner-title-visibility":"","ast-main-header-display":"","ast-hfb-above-header-display":"","ast-hfb-below-header-display":"","ast-hfb-mobile-header-display":"","site-post-title":"","ast-breadcrumbs-content":"","ast-featured-img":"","footer-sml-layout":"","theme-transparent-header-meta":"default","adv-header-id-meta":"","stick-header-meta":"default","header-above-stick-meta":"","header-main-stick-meta":"","header-below-stick-meta":"","astra-migrate-meta-layouts":"set","ast-page-background-enabled":"default","ast-page-background-meta":{"desktop":{"background-color":"","background-image":"","background-repeat":"repeat","background-position":"center center","background-size":"auto","background-attachment":"scroll","background-type":"","background-media":"","overlay-type":"","overlay-color":"","overlay-gradient":""},"tablet":{"background-color":"","background-image":"","background-repeat":"repeat","background-position":"center center","background-size":"auto","background-attachment":"scroll","background-type":"","background-media":"","overlay-type":"","overlay-color":"","overlay-gradient":""},"mobile":{"background-color":"","background-image":"","background-repeat":"repeat","background-position":"center center","background-size":"auto","background-attachment":"scroll","background-type":"","background-media":"","overlay-type":"","overlay-color":"","overlay-gradient":""}},"ast-content-background-meta":{"desktop":{"background-color":"var(--ast-global-color-5)","background-image":"","background-repeat":"repeat","background-position":"center center","background-size":"auto","background-attachment":"scroll","background-type":"","background-media":"","overlay-type":"","overlay-color":"","overlay-gradient":""},"tablet":{"background-color":"var(--ast-global-color-5)","background-image":"","background-repeat":"repeat","background-position":"center center","background-size":"auto","background-attachment":"scroll","background-type":"","background-media":"","overlay-type":"","overlay-color":"","overlay-gradient":""},"mobile":{"background-color":"var(--ast-global-color-5)","background-image":"","background-repeat":"repeat","background-position":"center center","background-size":"auto","background-attachment":"scroll","background-type":"","background-media":"","overlay-type":"","overlay-color":"","overlay-gradient":""}}},"product_brand":[],"product_cat":[38,27,41],"product_tag":[],"class_list":{"0":"post-15972","1":"product","2":"type-product","3":"status-publish","4":"has-post-thumbnail","6":"product_cat-cookies-and-crackers","7":"product_cat-online-sa-shop","8":"product_cat-rusks","9":"align-left","10":"box-shadow-0","11":"box-shadow-0-hover","12":"ast-product-gallery-layout-horizontal","13":"ast-product-gallery-with-no-image","14":"ast-product-tabs-layout-vertical","16":"first","17":"outofstock","18":"sale","19":"taxable","20":"shipping-taxable","21":"purchasable","22":"product-type-simple"},"_links":{"self":[{"href":"https:\/\/springbokshelf.com\/se\/wp-json\/wp\/v2\/product\/15972","targetHints":{"allow":["GET"]}}],"collection":[{"href":"https:\/\/springbokshelf.com\/se\/wp-json\/wp\/v2\/product"}],"about":[{"href":"https:\/\/springbokshelf.com\/se\/wp-json\/wp\/v2\/types\/product"}],"replies":[{"embeddable":true,"href":"https:\/\/springbokshelf.com\/se\/wp-json\/wp\/v2\/comments?post=15972"}],"wp:featuredmedia":[{"embeddable":true,"href":"https:\/\/springbokshelf.com\/se\/wp-json\/wp\/v2\/media\/15973"}],"wp:attachment":[{"href":"https:\/\/springbokshelf.com\/se\/wp-json\/wp\/v2\/media?parent=15972"}],"wp:term":[{"taxonomy":"product_brand","embeddable":true,"href":"https:\/\/springbokshelf.com\/se\/wp-json\/wp\/v2\/product_brand?post=15972"},{"taxonomy":"product_cat","embeddable":true,"href":"https:\/\/springbokshelf.com\/se\/wp-json\/wp\/v2\/product_cat?post=15972"},{"taxonomy":"product_tag","embeddable":true,"href":"https:\/\/springbokshelf.com\/se\/wp-json\/wp\/v2\/product_tag?post=15972"}],"curies":[{"name":"wp","href":"https:\/\/api.w.org\/{rel}","templated":true}]}}